{"id":13561,"date":"2024-06-07T09:51:07","date_gmt":"2024-06-07T07:51:07","guid":{"rendered":"https:\/\/xenodochial-ptolemy.82-223-27-62.plesk.page\/cumplimiento\/?page_id=13561"},"modified":"2024-07-22T14:05:57","modified_gmt":"2024-07-22T12:05:57","slug":"blog","status":"publish","type":"page","link":"https:\/\/xenodochial-ptolemy.82-223-27-62.plesk.page\/cumplimiento\/blog\/","title":{"rendered":"Blog FORLOPD"},"content":{"rendered":"<div class=\"wp-block-categories-dropdown alignright wp-block-categories has-medium-font-size\"><label class=\"wp-block-categories__label\" for=\"wp-block-categories-1\">Categor\u00edas<\/label><select  name='category_name' id='wp-block-categories-1' class='postform'>\n\t<option value='-1'>Seleccionar Categor\u00eda<\/option>\n\t<option class=\"level-0\" value=\"ciberseguridad\">CIBERSEGURIDAD&nbsp;&nbsp;(3)<\/option>\n\t<option class=\"level-0\" value=\"protecciondedatos\">PROTECCI\u00d3N DE DATOS&nbsp;&nbsp;(4)<\/option>\n<\/select><script>\n( ( [ dropdownId, homeUrl ] ) => {\n\t\tconst dropdown = document.getElementById( dropdownId );\n\t\tfunction onSelectChange() {\n\t\t\tsetTimeout( () => {\n\t\t\t\tif ( 'escape' === dropdown.dataset.lastkey ) {\n\t\t\t\t\treturn;\n\t\t\t\t}\n\t\t\t\tif ( dropdown.value && dropdown instanceof HTMLSelectElement ) {\n\t\t\t\t\tconst url = new URL( homeUrl );\n\t\t\t\t\turl.searchParams.set( dropdown.name, dropdown.value );\n\t\t\t\t\tlocation.href = url.href;\n\t\t\t\t}\n\t\t\t}, 250 );\n\t\t}\n\t\tfunction onKeyUp( event ) {\n\t\t\tif ( 'Escape' === event.key ) {\n\t\t\t\tdropdown.dataset.lastkey = 'escape';\n\t\t\t} else {\n\t\t\t\tdelete dropdown.dataset.lastkey;\n\t\t\t}\n\t\t}\n\t\tfunction onClick() {\n\t\t\tdelete dropdown.dataset.lastkey;\n\t\t}\n\t\tdropdown.addEventListener( 'keyup', onKeyUp );\n\t\tdropdown.addEventListener( 'click', onClick );\n\t\tdropdown.addEventListener( 'change', onSelectChange );\n\t} )( [\"wp-block-categories-1\",\"https:\/\/xenodochial-ptolemy.82-223-27-62.plesk.page\/cumplimiento\"] );\n\/\/# sourceURL=build_dropdown_script_block_core_categories\n<\/script>\n\n<\/div>\n\n<div class='pt-cv-wrapper'> <h3 class='pt-cv-heading-container heading1' data-blockid='uukc0xel'><span class='pt-cv-heading'> Noticias y art\u00edculos <\/span><\/h3><div class=\"pt-cv-view pt-cv-blockgrid iscvblock iscvreal grid1 layout1\" id=\"pt-cv-view-uukc0xel\"><div data-id=\"pt-cv-page-1\" class=\"pt-cv-page\" data-cvc=\"3\"><div class=\" pt-cv-content-item pt-cv-1-col\" ><div class=\"pt-cv-thumb-wrapper  \"><a href=\"https:\/\/xenodochial-ptolemy.82-223-27-62.plesk.page\/cumplimiento\/sharenting-la-delgada-linea-entre-el-orgullo-parental-y-la-privacidad-infantil\/\" class=\"_self pt-cv-href-thumbnail pt-cv-thumb-default\" target=\"_self\" ><img fetchpriority=\"high\" decoding=\"async\" width=\"768\" height=\"512\" src=\"https:\/\/xenodochial-ptolemy.82-223-27-62.plesk.page\/cumplimiento\/wp-content\/uploads\/sites\/2\/2024\/07\/privacidad-de-datos-menores-768x512.jpg\" class=\"pt-cv-thumbnail\" alt=\"\" \/><\/a><\/div>\n<div class=\"pt-cv-taxoterm above_title\"><a href='https:\/\/xenodochial-ptolemy.82-223-27-62.plesk.page\/cumplimiento\/category\/ciberseguridad\/' title='CIBERSEGURIDAD' class='pt-cv-tax-ciberseguridad'>CIBERSEGURIDAD<\/a><a href='https:\/\/xenodochial-ptolemy.82-223-27-62.plesk.page\/cumplimiento\/category\/protecciondedatos\/' title='PROTECCI\u00d3N DE DATOS' class='pt-cv-tax-protecciondedatos'>PROTECCI\u00d3N DE DATOS<\/a><\/div>\n<h4 class=\"pt-cv-title\"><a href=\"https:\/\/xenodochial-ptolemy.82-223-27-62.plesk.page\/cumplimiento\/sharenting-la-delgada-linea-entre-el-orgullo-parental-y-la-privacidad-infantil\/\" class=\"_self\" target=\"_self\" >Sharenting: La Delgada L\u00ednea entre el Orgullo Parental y la Privacidad Infantil<\/a><\/h4>\n<div class=\"pt-cv-content\">Imagen de wayhomestudio en Freepik Art\u00edculo escrito por Cristina G\u00e1lvez Riveriego En la era digital, compartir lo que vivimos en &#8230;<\/div>\n<div class=\"pt-cv-rmwrap\"><a href=\"https:\/\/xenodochial-ptolemy.82-223-27-62.plesk.page\/cumplimiento\/sharenting-la-delgada-linea-entre-el-orgullo-parental-y-la-privacidad-infantil\/\" class=\"_self pt-cv-readmore btn btn-success\" target=\"_self\" >Leer M\u00e1s<\/a><\/div><\/div>\n<div class=\" pt-cv-content-item pt-cv-1-col\" ><div class=\"pt-cv-thumb-wrapper  \"><a href=\"https:\/\/xenodochial-ptolemy.82-223-27-62.plesk.page\/cumplimiento\/las-gafas-inteligentes-protegen-la-privacidad-copy-copy\/\" class=\"_self pt-cv-href-thumbnail pt-cv-thumb-default\" target=\"_self\" ><img decoding=\"async\" width=\"768\" height=\"432\" src=\"https:\/\/xenodochial-ptolemy.82-223-27-62.plesk.page\/cumplimiento\/wp-content\/uploads\/sites\/2\/2024\/07\/derecho-a-desconexion-digital-768x432.jpg\" class=\"pt-cv-thumbnail\" alt=\"\" \/><\/a><\/div>\n<div class=\"pt-cv-taxoterm above_title\"><a href='https:\/\/xenodochial-ptolemy.82-223-27-62.plesk.page\/cumplimiento\/category\/protecciondedatos\/' title='PROTECCI\u00d3N DE DATOS' class='pt-cv-tax-protecciondedatos'>PROTECCI\u00d3N DE DATOS<\/a><\/div>\n<h4 class=\"pt-cv-title\"><a href=\"https:\/\/xenodochial-ptolemy.82-223-27-62.plesk.page\/cumplimiento\/las-gafas-inteligentes-protegen-la-privacidad-copy-copy\/\" class=\"_self\" target=\"_self\" >La Importancia de Respetar los Derechos a la Desconexi\u00f3n Digital y a la Protecci\u00f3n de Datos: Un Caso Ejemplar<\/a><\/h4>\n<div class=\"pt-cv-content\">Imagen de DC Studio en Freepik Art\u00edculo escrito por: Cristina G\u00e1lvez Riveriego En un reciente y notable caso, un trabajador &#8230;<\/div>\n<div class=\"pt-cv-rmwrap\"><a href=\"https:\/\/xenodochial-ptolemy.82-223-27-62.plesk.page\/cumplimiento\/las-gafas-inteligentes-protegen-la-privacidad-copy-copy\/\" class=\"_self pt-cv-readmore btn btn-success\" target=\"_self\" >Leer M\u00e1s<\/a><\/div><\/div>\n<div class=\" pt-cv-content-item pt-cv-1-col\" ><div class=\"pt-cv-thumb-wrapper  \"><a href=\"https:\/\/xenodochial-ptolemy.82-223-27-62.plesk.page\/cumplimiento\/como-configurar-la-privacidad-en-chatgpt\/\" class=\"_self pt-cv-href-thumbnail pt-cv-thumb-default\" target=\"_self\" ><img decoding=\"async\" width=\"768\" height=\"430\" src=\"https:\/\/xenodochial-ptolemy.82-223-27-62.plesk.page\/cumplimiento\/wp-content\/uploads\/sites\/2\/2024\/06\/2151008340-768x430.jpg\" class=\"pt-cv-thumbnail\" alt=\"\" \/><\/a><\/div>\n<div class=\"pt-cv-taxoterm above_title\"><a href='https:\/\/xenodochial-ptolemy.82-223-27-62.plesk.page\/cumplimiento\/category\/ciberseguridad\/' title='CIBERSEGURIDAD' class='pt-cv-tax-ciberseguridad'>CIBERSEGURIDAD<\/a><a href='https:\/\/xenodochial-ptolemy.82-223-27-62.plesk.page\/cumplimiento\/category\/protecciondedatos\/' title='PROTECCI\u00d3N DE DATOS' class='pt-cv-tax-protecciondedatos'>PROTECCI\u00d3N DE DATOS<\/a><\/div>\n<h4 class=\"pt-cv-title\"><a href=\"https:\/\/xenodochial-ptolemy.82-223-27-62.plesk.page\/cumplimiento\/como-configurar-la-privacidad-en-chatgpt\/\" class=\"_self\" target=\"_self\" >\u00bfC\u00f3mo configurar la privacidad en ChatGPT?<\/a><\/h4>\n<div class=\"pt-cv-content\">C\u00f3mo configurar la privacidad en ChatGPT paso a paso En FORLOPD, entendemos la importancia de proteger tu informaci\u00f3n personal y &#8230;<\/div>\n<div class=\"pt-cv-rmwrap\"><a href=\"https:\/\/xenodochial-ptolemy.82-223-27-62.plesk.page\/cumplimiento\/como-configurar-la-privacidad-en-chatgpt\/\" class=\"_self pt-cv-readmore btn btn-success\" target=\"_self\" >Leer M\u00e1s<\/a><\/div><\/div>\n<div class=\" pt-cv-content-item pt-cv-1-col\" ><div class=\"pt-cv-thumb-wrapper  \"><a href=\"https:\/\/xenodochial-ptolemy.82-223-27-62.plesk.page\/cumplimiento\/las-gafas-inteligentes-protegen-la-privacidad\/\" class=\"_self pt-cv-href-thumbnail pt-cv-thumb-default\" target=\"_self\" ><img loading=\"lazy\" decoding=\"async\" width=\"768\" height=\"549\" src=\"https:\/\/xenodochial-ptolemy.82-223-27-62.plesk.page\/cumplimiento\/wp-content\/uploads\/sites\/2\/2024\/06\/woman-wearing-digital-glasses-768x549.jpg\" class=\"pt-cv-thumbnail\" alt=\"\" \/><\/a><\/div>\n<div class=\"pt-cv-taxoterm above_title\"><a href='https:\/\/xenodochial-ptolemy.82-223-27-62.plesk.page\/cumplimiento\/category\/ciberseguridad\/' title='CIBERSEGURIDAD' class='pt-cv-tax-ciberseguridad'>CIBERSEGURIDAD<\/a><a href='https:\/\/xenodochial-ptolemy.82-223-27-62.plesk.page\/cumplimiento\/category\/protecciondedatos\/' title='PROTECCI\u00d3N DE DATOS' class='pt-cv-tax-protecciondedatos'>PROTECCI\u00d3N DE DATOS<\/a><\/div>\n<h4 class=\"pt-cv-title\"><a href=\"https:\/\/xenodochial-ptolemy.82-223-27-62.plesk.page\/cumplimiento\/las-gafas-inteligentes-protegen-la-privacidad\/\" class=\"_self\" target=\"_self\" >\u00bfLas gafas inteligentes protegen la privacidad?<\/a><\/h4>\n<div class=\"pt-cv-content\">\u00bfQu\u00e9 son las gafas inteligentes? Las gafas inteligentes, o smart glasses, son dispositivos port\u00e1tiles que funcionan como peque\u00f1os ordenadores, dise\u00f1ados &#8230;<\/div>\n<div class=\"pt-cv-rmwrap\"><a href=\"https:\/\/xenodochial-ptolemy.82-223-27-62.plesk.page\/cumplimiento\/las-gafas-inteligentes-protegen-la-privacidad\/\" class=\"_self pt-cv-readmore btn btn-success\" target=\"_self\" >Leer M\u00e1s<\/a><\/div><\/div><\/div><\/div> <\/div> <style>\n\n#pt-cv-view-uukc0xel .pt-cv-meta-fields {  }#pt-cv-view-uukc0xel .pt-cv-meta-fields * { font-size: 13px; }#pt-cv-view-uukc0xel .pt-cv-thumb-wrapper:not(.miniwrap) {  }#pt-cv-view-uukc0xel .pt-cv-thumbnail:not(.pt-cv-thumbnailsm) { height: 250px; }#pt-cv-view-uukc0xel .pt-cv-title a { display: block; }#pt-cv-view-uukc0xel .pt-cv-title:not(.pt-cv-titlesm) a { font-weight: 600;text-decoration: none;font-size: 20px; }#pt-cv-view-uukc0xel .pt-cv-titlesm a { font-weight: 600;font-size: 18px; }#pt-cv-view-uukc0xel .pt-cv-content { font-size: 15px; }#pt-cv-view-uukc0xel .pt-cv-rmwrap {  }#pt-cv-view-uukc0xel .pt-cv-readmore { color: #fff;background-color: var(--global-color-7);font-size: 14px; }#pt-cv-view-uukc0xel .pt-cv-taxoterm {  }#pt-cv-view-uukc0xel .pt-cv-taxoterm * { color: #222;background-color: #fff6f6;font-size: 14px; }#pt-cv-view-uukc0xel + .pt-cv-pagination-wrapper {  }#pt-cv-view-uukc0xel + .pt-cv-pagination-wrapper a { font-size: 14px; }#pt-cv-view-uukc0xel > .pt-cv-page {grid-template-columns: repeat(3, 1fr);grid-gap: 20px;}\n@media all and (max-width: 1024px) { \n#pt-cv-view-uukc0xel > .pt-cv-page {}\n} \n@media all and (max-width: 767px) { \n#pt-cv-view-uukc0xel > .pt-cv-page {grid-template-columns: repeat(1, 1fr);}\n} <\/style>","protected":false},"excerpt":{"rendered":"","protected":false},"author":1,"featured_media":0,"parent":0,"menu_order":0,"comment_status":"closed","ping_status":"closed","template":"","meta":{"_themeisle_gutenberg_block_has_review":false,"footnotes":""},"class_list":["post-13561","page","type-page","status-publish"],"_links":{"self":[{"href":"https:\/\/xenodochial-ptolemy.82-223-27-62.plesk.page\/cumplimiento\/wp-json\/wp\/v2\/pages\/13561","targetHints":{"allow":["GET"]}}],"collection":[{"href":"https:\/\/xenodochial-ptolemy.82-223-27-62.plesk.page\/cumplimiento\/wp-json\/wp\/v2\/pages"}],"about":[{"href":"https:\/\/xenodochial-ptolemy.82-223-27-62.plesk.page\/cumplimiento\/wp-json\/wp\/v2\/types\/page"}],"author":[{"embeddable":true,"href":"https:\/\/xenodochial-ptolemy.82-223-27-62.plesk.page\/cumplimiento\/wp-json\/wp\/v2\/users\/1"}],"replies":[{"embeddable":true,"href":"https:\/\/xenodochial-ptolemy.82-223-27-62.plesk.page\/cumplimiento\/wp-json\/wp\/v2\/comments?post=13561"}],"version-history":[{"count":7,"href":"https:\/\/xenodochial-ptolemy.82-223-27-62.plesk.page\/cumplimiento\/wp-json\/wp\/v2\/pages\/13561\/revisions"}],"predecessor-version":[{"id":13837,"href":"https:\/\/xenodochial-ptolemy.82-223-27-62.plesk.page\/cumplimiento\/wp-json\/wp\/v2\/pages\/13561\/revisions\/13837"}],"wp:attachment":[{"href":"https:\/\/xenodochial-ptolemy.82-223-27-62.plesk.page\/cumplimiento\/wp-json\/wp\/v2\/media?parent=13561"}],"curies":[{"name":"wp","href":"https:\/\/api.w.org\/{rel}","templated":true}]}}